{"id":3,"date":"2023-02-06T12:50:13","date_gmt":"2023-02-06T12:50:13","guid":{"rendered":"https:\/\/gospelchorfassberg.de\/?page_id=3"},"modified":"2023-02-06T20:04:13","modified_gmt":"2023-02-06T20:04:13","slug":"privacy-policy","status":"publish","type":"page","link":"https:\/\/gospelchorfassberg.de\/?page_id=3","title":{"rendered":"Privacy Policy"},"content":{"rendered":"\n<h2 class=\"wp-block-heading\">Who we are<\/h2>\n\n\n\n<p><strong class=\"privacy-policy-tutorial\">Suggested text: <\/strong>Our website address is: https:\/\/gospelchorfassberg.de.<\/p>\n\n\n\n<p><strong>Impressum<\/strong><br><br><strong><em>Anbieter:<\/em><\/strong><\/p>\n\n\n\n<p><br>Gospelchor Fa\u00dfberg<br>Martin Sagehorn<br>Rabenbusch 19<br>29328 Fa\u00dfberg<br><br><strong><em>Kontakt:<\/em><\/strong><br><br>Telefon: 05055\/591774<br>e-Mail: webmaster(\u00e4t)gospelchorfassberg(.de)<br>Website: www.gospelchorfassberg.de<\/p>\n\n\n\n<p>Haftung f\u00fcr Inhalte<\/p>\n\n\n\n<p>Die Inhalte unserer Seiten wurden mit gr\u00f6\u00dfter Sorgfalt erstellt. F\u00fcr die Richtigkeit, Vollst\u00e4ndigkeit und Aktualit\u00e4t der Inhalte k\u00f6nnen wir jedoch keine Gew\u00e4hr \u00fcbernehmen.<\/p>\n\n\n\n<p>Als Diensteanbieter sind wir gem\u00e4\u00df \u00a7 7 Abs.1 TMG f\u00fcr eigene Inhalte auf diesen Seiten nach den allgemeinen Gesetzen verantwortlich. Nach \u00a7\u00a7 8 bis 10 TMG sind wir als Diensteanbieter jedoch nicht verpflichtet, \u00fcbermittelte oder gespeicherte fremde Informationen zu \u00fcberwachen oder nach Umst\u00e4nden zu forschen, die auf eine rechtswidrige T\u00e4tigkeit hinweisen. Verpflichtungen zur Entfernung oder Sperrung der Nutzung von Informationen nach den allgemeinen Gesetzen bleiben hiervon unber\u00fchrt. Eine diesbez\u00fcgliche Haftung ist jedoch erst ab dem Zeitpunkt der Kenntnis einer konkreten Rechtsverletzung m\u00f6glich. Bei bekannt werden von entsprechenden Rechtsverletzungen werden wir diese Inhalte umgehend entfernen.<\/p>\n\n\n\n<p>Haftung f\u00fcr Links<\/p>\n\n\n\n<p>Unser Angebot enth\u00e4lt Links zu externen Webseiten Dritter, auf deren Inhalte wir keinen Einfluss haben. Deshalb k\u00f6nnen wir f\u00fcr diese fremden Inhalte auch keine Gew\u00e4hr \u00fcbernehmen. F\u00fcr die Inhalte der verlinkten Seiten ist stets der jeweilige Anbieter oder Betreiber der Seiten verantwortlich. Die verlinkten Seiten wurden zum Zeitpunkt der Verlinkung auf m\u00f6gliche Rechtsverst\u00f6\u00dfe \u00fcberpr\u00fcft. Rechtswidrige Inhalte waren zum Zeitpunkt der Verlinkung nicht erkennbar. Eine permanente inhaltliche Kontrolle der verlinkten Seiten ist jedoch ohne konkrete Anhaltspunkte einer Rechtsverletzung nicht zumutbar. Bei bekannt werden von Rechtsverletzungen werden wir derartige Links umgehend entfernen.<\/p>\n\n\n\n<p>Urheberrecht<\/p>\n\n\n\n<p>Die durch die Seitenbetreiber erstellten Inhalte und Werke auf diesen Seiten unterliegen dem deutschen Urheberrecht. Beitr\u00e4ge Dritter sind als solche gekennzeichnet. Die Vervielf\u00e4ltigung, Bearbeitung, Verbreitung und jede Art der Verwertung au\u00dferhalb der Grenzen des Urheberrechtes bed\u00fcrfen der schriftlichen Zustimmung des jeweiligen Autors bzw. Erstellers. Downloads und Kopien dieser Seite sind nur f\u00fcr den privaten, nicht kommerziellen Gebrauch gestattet.<\/p>\n\n\n\n<p>Die Betreiber der Seiten sind bem\u00fcht, stets die Urheberrechte anderer zu beachten bzw. auf selbst erstellte sowie lizenzfreie Werke zur\u00fcckzugreifen.<\/p>\n\n\n\n<p>Datenschutz<\/p>\n\n\n\n<p>Soweit auf unseren Seiten personenbezogene Daten (beispielsweise Name, Anschrift oder eMail-Adressen) erhoben werden, erfolgt dies soweit m\u00f6glich stets auf freiwilliger Basis. Die Nutzung der Angebote und Dienste ist, soweit m\u00f6glich, stets ohne Angabe personenbezogener Daten m\u00f6glich.<\/p>\n\n\n\n<p>Wir weisen darauf hin, dass die Daten\u00fcbertragung im Internet (z.B. bei der Kommunikation per E-Mail) Sicherheitsl\u00fccken aufweisen kann. Ein l\u00fcckenloser Schutz der Daten vor dem Zugriff durch Dritte ist nicht m\u00f6glich.<\/p>\n\n\n\n<p>Der Nutzung von im Rahmen der Impressumspflicht ver\u00f6ffentlichten Kontaktdaten durch Dritte zur \u00dcbersendung von nicht ausdr\u00fccklich angeforderter Werbung und Informationsmaterialien wird hiermit ausdr\u00fccklich widersprochen. Die Betreiber der Seiten behalten sich ausdr\u00fccklich rechtliche Schritte im Falle der unverlangten Zusendung von Werbeinformationen, etwa durch Spam-Mails, vor.<\/p>\n\n\n\n<p><strong>Datenschutzerkl\u00e4rung<\/strong><\/p>\n\n\n\n<p>Verantwortliche Stelle im Sinne der Datenschutzgesetze, insbesondere der EU-<\/p>\n\n\n\n<p>Datenschutzgrundverordnung (DSGVO), ist:<\/p>\n\n\n\n<p>Voices of Joy Webmaster<\/p>\n\n\n\n<p><strong>Ihre Betroffenenrechte<\/strong><\/p>\n\n\n\n<p>Unter den angegebenen Kontaktdaten unseres Datenschutzbeauftragten k\u00f6nnen Sie jederzeit<\/p>\n\n\n\n<p>folgende Rechte aus\u00fcben:<\/p>\n\n\n\n<p>Auskunft \u00fcber Ihre bei uns gespeicherten Daten und deren Verarbeitung,<\/p>\n\n\n\n<p>Berichtigung unrichtiger personenbezogener Daten,<\/p>\n\n\n\n<p>L\u00f6schung Ihrer bei uns gespeicherten Daten,<\/p>\n\n\n\n<p>Einschr\u00e4nkung der Datenverarbeitung, sofern wir Ihre Daten aufgrund gesetzlicher<\/p>\n\n\n\n<p>Pflichten noch nicht l\u00f6schen d\u00fcrfen,<\/p>\n\n\n\n<p>Widerspruch gegen die Verarbeitung Ihrer Daten bei uns und<\/p>\n\n\n\n<p>Daten\u00fcbertragbarkeit, sofern Sie in die Datenverarbeitung eingewilligt haben oder<\/p>\n\n\n\n<p>einen Vertrag mit uns abgeschlossen haben.<\/p>\n\n\n\n<p>Sofern Sie uns eine Einwilligung erteilt haben, k\u00f6nnen Sie diese jederzeit mit Wirkung f\u00fcr die<\/p>\n\n\n\n<p>Zukunft widerrufen.<\/p>\n\n\n\n<p>Sie k\u00f6nnen sich jederzeit mit einer Beschwerde an die f\u00fcr Sie zust\u00e4ndige Aufsichtsbeh\u00f6rde<\/p>\n\n\n\n<p>wenden. Ihre zust\u00e4ndige Aufsichtsbeh\u00f6rde richtet sich nach dem Bundesland Ihres<\/p>\n\n\n\n<p>Wohnsitzes, Ihrer Arbeit oder der mutma\u00dflichen Verletzung. Eine Liste der<\/p>\n\n\n\n<p>Aufsichtsbeh\u00f6rden (f\u00fcr den nicht\u00f6ffentlichen Bereich) mit Anschrift finden Sie unter:<\/p>\n\n\n\n<p><a href=\"https:\/\/www.bfdi.bund.de\/DE\/Infothek\/Anschriften_Links\/anschriften_links-node.html.\">https:\/\/www.bfdi.bund.de\/DE\/Infothek\/Anschriften_Links\/anschriften_links-node.html.<\/a><\/p>\n\n\n\n<p><strong>Zwecke der Datenverarbeitung durch die<\/strong><\/p>\n\n\n\n<p><strong>verantwortliche Stelle und Dritte<\/strong><\/p>\n\n\n\n<p>Wir verarbeiten Ihre personenbezogenen Daten nur zu den in dieser Datenschutzerkl\u00e4rung<\/p>\n\n\n\n<p>genannten Zwecken. Eine \u00dcbermittlung Ihrer pers\u00f6nlichen Daten an Dritte zu anderen als den<\/p>\n\n\n\n<p>genannten Zwecken findet nicht statt. Wir geben Ihre pers\u00f6nlichen Daten nur an Dritte<\/p>\n\n\n\n<p>weiter, wenn:<\/p>\n\n\n\n<p>Sie Ihre ausdr\u00fcckliche Einwilligung dazu erteilt haben,<\/p>\n\n\n\n<p>die Verarbeitung zur Abwicklung eines Vertrags mit Ihnen erforderlich ist,<\/p>\n\n\n\n<p>die Verarbeitung zur Erf\u00fcllung einer rechtlichen Verpflichtung erforderlich ist,<\/p>\n\n\n\n<p>die Verarbeitung zur Wahrung berechtigter Interessen erforderlich ist und kein Grund zur<\/p>\n\n\n\n<p>Annahme besteht, dass Sie ein \u00fcberwiegendes schutzw\u00fcrdiges Interesse an der<\/p>\n\n\n\n<p>Nichtweitergabe Ihrer Daten haben.<\/p>\n\n\n\n<p><strong>L\u00f6schung bzw. Sperrung der Daten<\/strong><\/p>\n\n\n\n<p>Wir halten uns an die Grunds\u00e4tze der Datenvermeidung und Datensparsamkeit. Wir<\/p>\n\n\n\n<p>speichern Ihre personenbezogenen Daten daher nur so lange, wie dies zur Erreichung der<\/p>\n\n\n\n<p>hier genannten Zwecke erforderlich ist oder wie es die vom Gesetzgeber vorgesehenen<\/p>\n\n\n\n<p>vielf\u00e4ltigen Speicherfristen vorsehen. Nach Fortfall des jeweiligen Zweckes bzw. Ablauf<\/p>\n\n\n\n<p>dieser Fristen werden die entsprechenden Daten routinem\u00e4\u00dfig und entsprechend den<\/p>\n\n\n\n<p>gesetzlichen Vorschriften gesperrt oder gel\u00f6scht.<\/p>\n\n\n\n<p><strong>Erfassung allgemeiner Informationen beim Besuch<\/strong><\/p>\n\n\n\n<p><strong>unserer Website<\/strong><\/p>\n\n\n\n<p>Wenn Sie auf unsere Website zugreifen, werden automatisch mittels eines Cookies<\/p>\n\n\n\n<p>Informationen allgemeiner Natur erfasst. Diese Informationen (Server-Logfiles) beinhalten<\/p>\n\n\n\n<p>etwa die Art des Webbrowsers, das verwendete Betriebssystem, den Domainnamen Ihres<\/p>\n\n\n\n<p>Internet-Service-Providers und \u00e4hnliches. Hierbei handelt es sich ausschlie\u00dflich um<\/p>\n\n\n\n<p>Informationen, welche keine R\u00fcckschl\u00fcsse auf Ihre Person zulassen.<\/p>\n\n\n\n<p>Diese Informationen sind technisch notwendig, um von Ihnen angeforderte Inhalte von<\/p>\n\n\n\n<p>Webseiten korrekt auszuliefern und fallen bei Nutzung des Internets zwingend an. Sie werden<\/p>\n\n\n\n<p>insbesondere zu folgenden Zwecken verarbeitet:<\/p>\n\n\n\n<p>Sicherstellung eines problemlosen Verbindungsaufbaus der Website,<\/p>\n\n\n\n<p>Sicherstellung einer reibungslosen Nutzung unserer Website,<\/p>\n\n\n\n<p>Auswertung der Systemsicherheit und -stabilit\u00e4t sowie<\/p>\n\n\n\n<p>zu weiteren administrativen Zwecken.<\/p>\n\n\n\n<p>Die Verarbeitung Ihrer personenbezogenen Daten basiert auf unserem berechtigten Interesse<\/p>\n\n\n\n<p>aus den vorgenannten Zwecken zur Datenerhebung. Wir verwenden Ihre Daten nicht, um<\/p>\n\n\n\n<p>R\u00fcckschl\u00fcsse auf Ihre Person zu ziehen. Empf\u00e4nger der Daten sind nur die verantwortliche<\/p>\n\n\n\n<p>Stelle und ggf. Auftragsverarbeiter.<\/p>\n\n\n\n<p>Anonyme Informationen dieser Art werden von uns ggfs. statistisch ausgewertet, um unseren<\/p>\n\n\n\n<p>Internetauftritt und die dahinterstehende Technik zu optimieren.<\/p>\n\n\n\n<p><strong>\u00c4nderung unserer Datenschutzbestimmungen<\/strong><\/p>\n\n\n\n<p>Wir behalten uns vor, diese Datenschutzerkl\u00e4rung anzupassen, damit sie stets den aktuellen<\/p>\n\n\n\n<p>rechtlichen Anforderungen entspricht oder um \u00c4nderungen unserer Leistungen in der<\/p>\n\n\n\n<p>Datenschutzerkl\u00e4rung umzusetzen, z.B. bei der Einf\u00fchrung neuer Services. F\u00fcr Ihren erneuten<\/p>\n\n\n\n<p>Besuch gilt dann die neue Datenschutzerkl\u00e4rung.<\/p>\n\n\n\n<p><strong>Fragen an den Datenschutzbeauftragten<\/strong><\/p>\n\n\n\n<p>Wenn Sie Fragen zum Datenschutz haben, schreiben Sie uns bitte eine E-Mail oder wenden<\/p>\n\n\n\n<p>Sie sich direkt an die f\u00fcr den Datenschutz verantwortliche Person in unserer Organisation:<\/p>\n\n\n\n<p>webmaster(\u00e4t)gospelchorfassberg.de<\/p>\n\n\n\n<p><em>Die Datenschutzerkl\u00e4rung wurde mit dem&nbsp;<\/em><em>Datenschutzerkl\u00e4rungs-Generator der<\/em><\/p>\n\n\n\n<p><em>activeMind AG erstellt <\/em><\/p>\n","protected":false},"excerpt":{"rendered":"<p>Who we are Suggested text: Our website address is: https:\/\/gospelchorfassberg.de. Impressum Anbieter: Gospelchor Fa\u00dfbergMartin SagehornRabenbusch 1929328 Fa\u00dfberg Kontakt: Telefon: 05055\/591774e-Mail: webmaster(\u00e4t)gospelchorfassberg(.de)Website: www.gospelchorfassberg.de Haftung f\u00fcr Inhalte Die Inhalte unserer Seiten wurden mit gr\u00f6\u00dfter Sorgfalt erstellt. F\u00fcr die Richtigkeit, Vollst\u00e4ndigkeit und Aktualit\u00e4t <a class=\"more-link\" href=\"https:\/\/gospelchorfassberg.de\/?page_id=3\">Weiterlesen\u00a0\u2026<\/a><\/p>\n","protected":false},"author":1,"featured_media":0,"parent":0,"menu_order":0,"comment_status":"closed","ping_status":"open","template":"","meta":{"footnotes":""},"class_list":["post-3","page","type-page","status-publish","hentry"],"_links":{"self":[{"href":"https:\/\/gospelchorfassberg.de\/index.php?rest_route=\/wp\/v2\/pages\/3","targetHints":{"allow":["GET"]}}],"collection":[{"href":"https:\/\/gospelchorfassberg.de\/index.php?rest_route=\/wp\/v2\/pages"}],"about":[{"href":"https:\/\/gospelchorfassberg.de\/index.php?rest_route=\/wp\/v2\/types\/page"}],"author":[{"embeddable":true,"href":"https:\/\/gospelchorfassberg.de\/index.php?rest_route=\/wp\/v2\/users\/1"}],"replies":[{"embeddable":true,"href":"https:\/\/gospelchorfassberg.de\/index.php?rest_route=%2Fwp%2Fv2%2Fcomments&post=3"}],"version-history":[{"count":2,"href":"https:\/\/gospelchorfassberg.de\/index.php?rest_route=\/wp\/v2\/pages\/3\/revisions"}],"predecessor-version":[{"id":52,"href":"https:\/\/gospelchorfassberg.de\/index.php?rest_route=\/wp\/v2\/pages\/3\/revisions\/52"}],"wp:attachment":[{"href":"https:\/\/gospelchorfassberg.de\/index.php?rest_route=%2Fwp%2Fv2%2Fmedia&parent=3"}],"curies":[{"name":"wp","href":"https:\/\/api.w.org\/{rel}","templated":true}]}}